{"id":258,"date":"2024-04-30T18:47:11","date_gmt":"2024-04-30T16:47:11","guid":{"rendered":"https:\/\/bubbledream.pl\/?page_id=258"},"modified":"2024-04-30T18:49:11","modified_gmt":"2024-04-30T16:49:11","slug":"pracuj-dla-nas","status":"publish","type":"page","link":"https:\/\/bubbledream.pl\/?page_id=258","title":{"rendered":"Pracuj dla nas"},"content":{"rendered":"\n<p class=\"has-text-align-center\"><strong>Pracuj z nami \ud83d\ude42<\/strong><\/p>\n\n\n<div class=\"wp-block-image\">\n<figure class=\"aligncenter size-large is-resized\"><img loading=\"lazy\" decoding=\"async\" width=\"819\" height=\"1024\" src=\"https:\/\/bubbledream.pl\/wp-content\/uploads\/2024\/04\/DF57D3CD-B62F-4970-8D9B-78842ADC69F3-819x1024.jpg\" alt=\"\" class=\"wp-image-314\" style=\"width:294px;height:auto\" srcset=\"https:\/\/bubbledream.pl\/wp-content\/uploads\/2024\/04\/DF57D3CD-B62F-4970-8D9B-78842ADC69F3-819x1024.jpg 819w, https:\/\/bubbledream.pl\/wp-content\/uploads\/2024\/04\/DF57D3CD-B62F-4970-8D9B-78842ADC69F3-240x300.jpg 240w, https:\/\/bubbledream.pl\/wp-content\/uploads\/2024\/04\/DF57D3CD-B62F-4970-8D9B-78842ADC69F3-768x960.jpg 768w, https:\/\/bubbledream.pl\/wp-content\/uploads\/2024\/04\/DF57D3CD-B62F-4970-8D9B-78842ADC69F3-1229x1536.jpg 1229w, https:\/\/bubbledream.pl\/wp-content\/uploads\/2024\/04\/DF57D3CD-B62F-4970-8D9B-78842ADC69F3.jpg 1638w\" sizes=\"auto, (max-width: 819px) 100vw, 819px\" \/><figcaption class=\"wp-element-caption\">Codzienna praca to nie tylko przygotowywanie ulubionych napoj\u00f3w klient\u00f3w, lecz tak\u017ce tworzenie magicznych po\u0142\u0105cze\u0144 smakowych i eksperymentowanie z unikalnymi dodatkami. To tak\u017ce sztuka obs\u0142ugi klienta, gdzie ka\u017cda u\u015bmiechni\u0119ta twarz zadowolonego klienta staje si\u0119 najwi\u0119ksz\u0105 nagrod\u0105. Praca w Bubble Dream to nie tylko praca, to pasja i przygoda, kt\u00f3ra stale zaskakuje i inspiruje. Chcesz u nas pracowa\u0107 ? napisz do: <strong>ola@bubbledream.pl<\/strong><\/figcaption><\/figure>\n<\/div>\n\n\n<p><\/p>\n","protected":false},"excerpt":{"rendered":"<p>Pracuj z nami \ud83d\ude42<\/p>\n","protected":false},"author":1,"featured_media":0,"parent":0,"menu_order":0,"comment_status":"closed","ping_status":"closed","template":"","meta":{"footnotes":""},"class_list":["post-258","page","type-page","status-publish","hentry"],"_links":{"self":[{"href":"https:\/\/bubbledream.pl\/index.php?rest_route=\/wp\/v2\/pages\/258","targetHints":{"allow":["GET"]}}],"collection":[{"href":"https:\/\/bubbledream.pl\/index.php?rest_route=\/wp\/v2\/pages"}],"about":[{"href":"https:\/\/bubbledream.pl\/index.php?rest_route=\/wp\/v2\/types\/page"}],"author":[{"embeddable":true,"href":"https:\/\/bubbledream.pl\/index.php?rest_route=\/wp\/v2\/users\/1"}],"replies":[{"embeddable":true,"href":"https:\/\/bubbledream.pl\/index.php?rest_route=%2Fwp%2Fv2%2Fcomments&post=258"}],"version-history":[{"count":4,"href":"https:\/\/bubbledream.pl\/index.php?rest_route=\/wp\/v2\/pages\/258\/revisions"}],"predecessor-version":[{"id":317,"href":"https:\/\/bubbledream.pl\/index.php?rest_route=\/wp\/v2\/pages\/258\/revisions\/317"}],"wp:attachment":[{"href":"https:\/\/bubbledream.pl\/index.php?rest_route=%2Fwp%2Fv2%2Fmedia&parent=258"}],"curies":[{"name":"wp","href":"https:\/\/api.w.org\/{rel}","templated":true}]}}