{"id":14,"date":"2024-02-13T13:11:42","date_gmt":"2024-02-13T12:11:42","guid":{"rendered":"https:\/\/bubbledream.pl\/?page_id=14"},"modified":"2024-05-04T19:55:39","modified_gmt":"2024-05-04T17:55:39","slug":"informacje","status":"publish","type":"page","link":"https:\/\/bubbledream.pl\/","title":{"rendered":"O nas"},"content":{"rendered":"\n<p>Witaj w magicznym \u015bwiecie Bubble Dream &#8211; miejscu, kt\u00f3re zrodzi\u0142o si\u0119 z pasji, zaanga\u017cowania i pragnienia stworzenia wyj\u0105tkowego miejsca, gdzie herbata Bubble Tea \u0142\u0105czy si\u0119 z przyjazn\u0105 atmosfer\u0105 i radosnymi chwilami spotka\u0144.<\/p>\n\n\n\n<p>Historia Bubble Dream si\u0119ga roku 2021, kiedy to dw\u00f3ch pasjonat\u00f3w, Iwona Broda i Piotr G\u00f3rski, postanowili po\u0142\u0105czy\u0107 swoje marzenia i pomys\u0142y, by stworzy\u0107 co\u015b wyj\u0105tkowego dla lokalnej spo\u0142eczno\u015bci. Po przej\u015bciu przez burzliwe czasy pandemii, zrodzi\u0142a si\u0119 w nich idea miejsca, kt\u00f3re nie tylko by\u0142oby oaz\u0105 spokoju i relaksu, ale tak\u017ce stanowi\u0142oby centrum spotka\u0144, inspiracji i zdrowego stylu \u017cycia.<\/p>\n\n\n\n<p>Przy\u015bwieca\u0142o im jedno wsp\u00f3lne marzenie &#8211; stworzy\u0107 przestrze\u0144, kt\u00f3ra b\u0119dzie mia\u0142a serce, dusz\u0119 i wyj\u0105tkowy smak. Ich zami\u0142owanie do herbaty Bubble Tea, po\u0142\u0105czone z pasj\u0105 do kreowania przyjaznych przestrzeni, zaowocowa\u0142o narodzinami Bubble Dream &#8211; herbaciarni, gdzie ka\u017cda kropla herbaty to kulminacja kreatywno\u015bci, jako\u015bci i rado\u015bci.<\/p>\n\n\n\n<p>Dla w\u0142a\u015bcicieli i zespo\u0142u pracuj\u0105cego nad Bubble Dream to nie tylko biznes, to ich spos\u00f3b na \u017cycie. Dbaj\u0105 o to, aby ka\u017cdy, kto odwiedzi ich lokal, poczu\u0142 si\u0119 jak w domu, otoczony ciep\u0142em, u\u015bmiechem i trosk\u0105. Dlatego te\u017c w Bubble Dream zawsze czeka na Ciebie nie tylko ulubiona herbata, ale tak\u017ce u\u015bmiechni\u0119te twarze, gotowe uczyni\u0107 Tw\u00f3j dzie\u0144 jeszcze lepszym.<\/p>\n\n\n\n<p>Do\u0142\u0105cz do naszej rodziny Bubble Dream i pozw\u00f3l, by nasze miejsce sta\u0142o si\u0119 Twoj\u0105 ulubion\u0105 ucieczk\u0105 od codzienno\u015bci, pe\u0142n\u0105 kolor\u00f3w, smak\u00f3w i niezapomnianych chwil spotka\u0144. Zapraszamy do odkrycia magii herbaty Bubble Tea w Bubble Dream &#8211; tam, gdzie marzenia nabieraj\u0105 smaku!<\/p>\n\n\n\n<div class=\"wp-block-cover alignfull is-light\" style=\"min-height:600px;aspect-ratio:unset;\"><span aria-hidden=\"true\" class=\"wp-block-cover__background has-nv-light-bg-background-color has-background-dim-100 has-background-dim\"><\/span><div class=\"wp-block-cover__inner-container is-layout-flow wp-block-cover-is-layout-flow\">\n<div class=\"wp-block-group\"><div class=\"wp-block-group__inner-container is-layout-flow wp-block-group-is-layout-flow\">\n<div class=\"wp-block-columns is-layout-flex wp-container-core-columns-is-layout-9d6595d7 wp-block-columns-is-layout-flex\">\n<div class=\"wp-block-column is-layout-flow wp-block-column-is-layout-flow\">\n<div class=\"wp-block-group is-vertical is-layout-flex wp-container-core-group-is-layout-8cf370e7 wp-block-group-is-layout-flex\">\n<figure class=\"wp-block-gallery aligncenter has-nested-images columns-default is-cropped wp-block-gallery-1 is-layout-flex wp-block-gallery-is-layout-flex\">\n<figure class=\"wp-block-image size-large is-style-default\"><a href=\"https:\/\/bubbledream.pl\/?page_id=17\"><img loading=\"lazy\" decoding=\"async\" width=\"819\" height=\"1024\" data-id=\"304\" src=\"http:\/\/bubbledream.pl\/wp-content\/uploads\/2024\/04\/IMG_4234-819x1024.jpg\" alt=\"\" class=\"wp-image-304\" srcset=\"https:\/\/bubbledream.pl\/wp-content\/uploads\/2024\/04\/IMG_4234-819x1024.jpg 819w, https:\/\/bubbledream.pl\/wp-content\/uploads\/2024\/04\/IMG_4234-240x300.jpg 240w, https:\/\/bubbledream.pl\/wp-content\/uploads\/2024\/04\/IMG_4234-768x960.jpg 768w, https:\/\/bubbledream.pl\/wp-content\/uploads\/2024\/04\/IMG_4234-1229x1536.jpg 1229w, https:\/\/bubbledream.pl\/wp-content\/uploads\/2024\/04\/IMG_4234.jpg 1638w\" sizes=\"auto, (max-width: 819px) 100vw, 819px\" \/><\/a><\/figure>\n\n\n\n<figure data-wp-context=\"{&quot;imageId&quot;:&quot;69e225a1d6250&quot;}\" data-wp-interactive=\"core\/image\" data-wp-key=\"69e225a1d6250\" class=\"wp-block-image size-full wp-lightbox-container\"><img loading=\"lazy\" decoding=\"async\" width=\"1536\" height=\"2048\" data-wp-class--hide=\"state.isContentHidden\" data-wp-class--show=\"state.isContentVisible\" data-wp-init=\"callbacks.setButtonStyles\" data-wp-on--click=\"actions.showLightbox\" data-wp-on--load=\"callbacks.setButtonStyles\" data-wp-on-window--resize=\"callbacks.setButtonStyles\" data-id=\"300\" src=\"https:\/\/bubbledream.pl\/wp-content\/uploads\/2024\/04\/EA125E9B-3EF7-4D89-A02E-2C8FDA78CC06.jpeg\" alt=\"\" class=\"wp-image-300\" srcset=\"https:\/\/bubbledream.pl\/wp-content\/uploads\/2024\/04\/EA125E9B-3EF7-4D89-A02E-2C8FDA78CC06.jpeg 1536w, https:\/\/bubbledream.pl\/wp-content\/uploads\/2024\/04\/EA125E9B-3EF7-4D89-A02E-2C8FDA78CC06-225x300.jpeg 225w, https:\/\/bubbledream.pl\/wp-content\/uploads\/2024\/04\/EA125E9B-3EF7-4D89-A02E-2C8FDA78CC06-768x1024.jpeg 768w, https:\/\/bubbledream.pl\/wp-content\/uploads\/2024\/04\/EA125E9B-3EF7-4D89-A02E-2C8FDA78CC06-1152x1536.jpeg 1152w\" sizes=\"auto, (max-width: 1536px) 100vw, 1536px\" \/><button\n\t\t\tclass=\"lightbox-trigger\"\n\t\t\ttype=\"button\"\n\t\t\taria-haspopup=\"dialog\"\n\t\t\taria-label=\"Enlarge\"\n\t\t\tdata-wp-init=\"callbacks.initTriggerButton\"\n\t\t\tdata-wp-on--click=\"actions.showLightbox\"\n\t\t\tdata-wp-style--right=\"state.imageButtonRight\"\n\t\t\tdata-wp-style--top=\"state.imageButtonTop\"\n\t\t>\n\t\t\t<svg xmlns=\"http:\/\/www.w3.org\/2000\/svg\" width=\"12\" height=\"12\" fill=\"none\" viewBox=\"0 0 12 12\">\n\t\t\t\t<path fill=\"#fff\" d=\"M2 0a2 2 0 0 0-2 2v2h1.5V2a.5.5 0 0 1 .5-.5h2V0H2Zm2 10.5H2a.5.5 0 0 1-.5-.5V8H0v2a2 2 0 0 0 2 2h2v-1.5ZM8 12v-1.5h2a.5.5 0 0 0 .5-.5V8H12v2a2 2 0 0 1-2 2H8Zm2-12a2 2 0 0 1 2 2v2h-1.5V2a.5.5 0 0 0-.5-.5H8V0h2Z\" \/>\n\t\t\t<\/svg>\n\t\t<\/button><figcaption class=\"wp-element-caption\"><a href=\"https:\/\/www.instagram.com\/bubbledream_polska\/\">Instagram<\/a><\/figcaption><\/figure>\n\n\n\n<figure class=\"wp-block-image size-full\"><img loading=\"lazy\" decoding=\"async\" width=\"1365\" height=\"2048\" data-id=\"301\" src=\"https:\/\/bubbledream.pl\/wp-content\/uploads\/2024\/04\/8468C653-8152-4B09-AF09-37B78B07A7A0.jpg\" alt=\"\" class=\"wp-image-301\" srcset=\"https:\/\/bubbledream.pl\/wp-content\/uploads\/2024\/04\/8468C653-8152-4B09-AF09-37B78B07A7A0.jpg 1365w, https:\/\/bubbledream.pl\/wp-content\/uploads\/2024\/04\/8468C653-8152-4B09-AF09-37B78B07A7A0-200x300.jpg 200w, https:\/\/bubbledream.pl\/wp-content\/uploads\/2024\/04\/8468C653-8152-4B09-AF09-37B78B07A7A0-683x1024.jpg 683w, https:\/\/bubbledream.pl\/wp-content\/uploads\/2024\/04\/8468C653-8152-4B09-AF09-37B78B07A7A0-768x1152.jpg 768w, https:\/\/bubbledream.pl\/wp-content\/uploads\/2024\/04\/8468C653-8152-4B09-AF09-37B78B07A7A0-1024x1536.jpg 1024w\" sizes=\"auto, (max-width: 1365px) 100vw, 1365px\" \/><\/figure>\n<\/figure>\n<\/div>\n<\/div>\n<\/div>\n\n\n\n<div style=\"height:40px\" aria-hidden=\"true\" class=\"wp-block-spacer\"><\/div>\n<\/div><\/div>\n<\/div><\/div>\n","protected":false},"excerpt":{"rendered":"<p>Witaj w magicznym \u015bwiecie Bubble Dream &#8211; miejscu, kt\u00f3re zrodzi\u0142o si\u0119 z pasji, zaanga\u017cowania i pragnienia stworzenia wyj\u0105tkowego miejsca, gdzie herbata Bubble Tea \u0142\u0105czy si\u0119 z przyjazn\u0105 atmosfer\u0105 i radosnymi chwilami spotka\u0144. Historia Bubble Dream si\u0119ga roku 2021, kiedy to dw\u00f3ch pasjonat\u00f3w, Iwona Broda i Piotr G\u00f3rski, postanowili po\u0142\u0105czy\u0107 swoje marzenia i pomys\u0142y, by stworzy\u0107&hellip;<\/p>\n","protected":false},"author":1,"featured_media":0,"parent":0,"menu_order":0,"comment_status":"closed","ping_status":"closed","template":"","meta":{"footnotes":""},"class_list":["post-14","page","type-page","status-publish","hentry"],"_links":{"self":[{"href":"https:\/\/bubbledream.pl\/index.php?rest_route=\/wp\/v2\/pages\/14","targetHints":{"allow":["GET"]}}],"collection":[{"href":"https:\/\/bubbledream.pl\/index.php?rest_route=\/wp\/v2\/pages"}],"about":[{"href":"https:\/\/bubbledream.pl\/index.php?rest_route=\/wp\/v2\/types\/page"}],"author":[{"embeddable":true,"href":"https:\/\/bubbledream.pl\/index.php?rest_route=\/wp\/v2\/users\/1"}],"replies":[{"embeddable":true,"href":"https:\/\/bubbledream.pl\/index.php?rest_route=%2Fwp%2Fv2%2Fcomments&post=14"}],"version-history":[{"count":31,"href":"https:\/\/bubbledream.pl\/index.php?rest_route=\/wp\/v2\/pages\/14\/revisions"}],"predecessor-version":[{"id":356,"href":"https:\/\/bubbledream.pl\/index.php?rest_route=\/wp\/v2\/pages\/14\/revisions\/356"}],"wp:attachment":[{"href":"https:\/\/bubbledream.pl\/index.php?rest_route=%2Fwp%2Fv2%2Fmedia&parent=14"}],"curies":[{"name":"wp","href":"https:\/\/api.w.org\/{rel}","templated":true}]}}